{"id":2367,"date":"2026-02-13T11:26:52","date_gmt":"2026-02-13T11:26:52","guid":{"rendered":"https:\/\/nanvalenti.com\/?page_id=2367"},"modified":"2026-02-13T14:16:55","modified_gmt":"2026-02-13T14:16:55","slug":"la-maleta","status":"publish","type":"page","link":"https:\/\/nanvalenti.com\/es\/la-maleta\/","title":{"rendered":"La Maleta"},"content":{"rendered":"<div data-elementor-type=\"wp-page\" data-elementor-id=\"2367\" class=\"elementor elementor-2367\">\n\t\t\t\t\t\t<section class=\"elementor-section elementor-top-section elementor-element elementor-element-f3455c4 elementor-section-height-min-height elementor-section-boxed elementor-section-height-default elementor-section-items-middle\" data-id=\"f3455c4\" data-element_type=\"section\" data-settings=\"{&quot;background_background&quot;:&quot;classic&quot;}\">\n\t\t\t\t\t\t\t<div class=\"elementor-background-overlay\"><\/div>\n\t\t\t\t\t\t\t<div class=\"elementor-container elementor-column-gap-default\">\n\t\t\t\t\t<div class=\"elementor-column elementor-col-100 elementor-top-column elementor-element elementor-element-4e436ac\" data-id=\"4e436ac\" data-element_type=\"column\">\n\t\t\t<div class=\"elementor-widget-wrap elementor-element-populated\">\n\t\t\t\t\t\t<div class=\"elementor-element elementor-element-996efc4 elementor-widget elementor-widget-heading\" data-id=\"996efc4\" data-element_type=\"widget\" data-widget_type=\"heading.default\">\n\t\t\t\t<div class=\"elementor-widget-container\">\n\t\t\t<h2 class=\"elementor-heading-title elementor-size-default\">LA MALETA<\/h2>\t\t<\/div>\n\t\t\t\t<\/div>\n\t\t\t\t\t<\/div>\n\t\t<\/div>\n\t\t\t\t\t<\/div>\n\t\t<\/section>\n\t\t\t\t<section class=\"elementor-section elementor-top-section elementor-element elementor-element-60cfe16 elementor-section-boxed elementor-section-height-default elementor-section-height-default\" data-id=\"60cfe16\" data-element_type=\"section\">\n\t\t\t\t\t\t<div class=\"elementor-container elementor-column-gap-wider\">\n\t\t\t\t\t<div class=\"elementor-column elementor-col-50 elementor-top-column elementor-element elementor-element-ed87ee2\" data-id=\"ed87ee2\" data-element_type=\"column\">\n\t\t\t<div class=\"elementor-widget-wrap elementor-element-populated\">\n\t\t\t\t\t\t<section class=\"elementor-section elementor-inner-section elementor-element elementor-element-68ebe3a elementor-section-boxed elementor-section-height-default elementor-section-height-default\" data-id=\"68ebe3a\" data-element_type=\"section\">\n\t\t\t\t\t\t<div class=\"elementor-container elementor-column-gap-default\">\n\t\t\t\t\t<div class=\"elementor-column elementor-col-100 elementor-inner-column elementor-element elementor-element-83eb817\" data-id=\"83eb817\" data-element_type=\"column\">\n\t\t\t<div class=\"elementor-widget-wrap elementor-element-populated\">\n\t\t\t\t\t\t<div class=\"elementor-element elementor-element-36ccd5b elementor-widget__width-auto elementor-widget elementor-widget-heading\" data-id=\"36ccd5b\" data-element_type=\"widget\" data-widget_type=\"heading.default\">\n\t\t\t\t<div class=\"elementor-widget-container\">\n\t\t\t<h1 class=\"elementor-heading-title elementor-size-default\">sinopsis<\/h1>\t\t<\/div>\n\t\t\t\t<\/div>\n\t\t\t\t<div class=\"elementor-element elementor-element-6e66d81 elementor-widget elementor-widget-text-editor\" data-id=\"6e66d81\" data-element_type=\"widget\" data-widget_type=\"text-editor.default\">\n\t\t\t\t<div class=\"elementor-widget-container\">\n\t\t\t\t\t\t\t<p>LA MALETA de N\u00faria Parera Ciur\u00f3<\/p><p>Una producci\u00f3n del Teatro Nu<\/p><p>Actor: Juan Valent\u00edn \u201cNan\u201d<\/p><p>Escenograf\u00eda: Tere del Junco<\/p><p>Direcci\u00f3n: V\u00edctor Borr\u00e0s<\/p><p>Una maleta que pasa de mano en mano, testimonio silencioso de vidas diferentes que transcurren a lo largo del siglo XX: Las colonias textiles, la Exposici\u00f3n Universal del 29, la revoluci\u00f3n obrera, la Guerra Civil, el exilio, los campos de concentraci\u00f3n, la Segunda Guerra Mundial, el \u201chaz el amor y no la guerra\u201d, la lucha antifranquista -queridas u obligadas- que no se detendr\u00e1n.<\/p><p>Al fin y al cabo, \u00bfqui\u00e9n no tiene derecho a llenar una maleta con el sue\u00f1o de una vida mejor?<\/p>\t\t\t\t\t\t<\/div>\n\t\t\t\t<\/div>\n\t\t\t\t<div class=\"elementor-element elementor-element-d239c3b elementor-widget__width-auto elementor-widget elementor-widget-heading\" data-id=\"d239c3b\" data-element_type=\"widget\" data-widget_type=\"heading.default\">\n\t\t\t\t<div class=\"elementor-widget-container\">\n\t\t\t<h1 class=\"elementor-heading-title elementor-size-default\">duraci\u00f3n: 55 minutos<\/h1>\t\t<\/div>\n\t\t\t\t<\/div>\n\t\t\t\t<div class=\"elementor-element elementor-element-9a646cb elementor-align-center elementor-widget elementor-widget-button\" data-id=\"9a646cb\" data-element_type=\"widget\" data-widget_type=\"button.default\">\n\t\t\t\t<div class=\"elementor-widget-container\">\n\t\t\t\t\t<div class=\"elementor-button-wrapper\">\n\t\t\t<a class=\"elementor-button elementor-button-link elementor-size-lg\" href=\"http:\/\/nanvalenti.com\/wp-content\/uploads\/2026\/02\/TEATRENU-La-Maleta-100521-23-24-digital-1.pdf\" target=\"_blank\">\n\t\t\t\t\t\t<span class=\"elementor-button-content-wrapper\">\n\t\t\t\t\t\t\t\t\t<span class=\"elementor-button-text\">Descarga dossier<\/span>\n\t\t\t\t\t<\/span>\n\t\t\t\t\t<\/a>\n\t\t<\/div>\n\t\t\t\t<\/div>\n\t\t\t\t<\/div>\n\t\t\t\t\t<\/div>\n\t\t<\/div>\n\t\t\t\t\t<\/div>\n\t\t<\/section>\n\t\t\t\t\t<\/div>\n\t\t<\/div>\n\t\t\t\t<div class=\"elementor-column elementor-col-50 elementor-top-column elementor-element elementor-element-9d94234\" data-id=\"9d94234\" data-element_type=\"column\">\n\t\t\t<div class=\"elementor-widget-wrap elementor-element-populated\">\n\t\t\t\t\t\t<div class=\"elementor-element elementor-element-a8e65d4 elementor-widget elementor-widget-image\" data-id=\"a8e65d4\" data-element_type=\"widget\" data-widget_type=\"image.default\">\n\t\t\t\t<div class=\"elementor-widget-container\">\n\t\t\t\t\t\t\t\t\t\t\t\t\t<img fetchpriority=\"high\" decoding=\"async\" width=\"2560\" height=\"1440\" src=\"https:\/\/nanvalenti.com\/wp-content\/uploads\/2026\/02\/foto_LaMaleta_StCugat_juny23-scaled.jpg\" class=\"attachment-full size-full wp-image-2372\" alt=\"\" srcset=\"https:\/\/nanvalenti.com\/wp-content\/uploads\/2026\/02\/foto_LaMaleta_StCugat_juny23-scaled.jpg 2560w, https:\/\/nanvalenti.com\/wp-content\/uploads\/2026\/02\/foto_LaMaleta_StCugat_juny23-1536x864.jpg 1536w, https:\/\/nanvalenti.com\/wp-content\/uploads\/2026\/02\/foto_LaMaleta_StCugat_juny23-2048x1152.jpg 2048w, https:\/\/nanvalenti.com\/wp-content\/uploads\/2026\/02\/foto_LaMaleta_StCugat_juny23-18x10.jpg 18w\" sizes=\"(max-width: 2560px) 100vw, 2560px\" \/>\t\t\t\t\t\t\t\t\t\t\t\t\t<\/div>\n\t\t\t\t<\/div>\n\t\t\t\t<div class=\"elementor-element elementor-element-5f62a77 elementor-widget elementor-widget-image\" data-id=\"5f62a77\" data-element_type=\"widget\" data-widget_type=\"image.default\">\n\t\t\t\t<div class=\"elementor-widget-container\">\n\t\t\t\t\t\t\t\t\t\t\t\t\t<img decoding=\"async\" width=\"1024\" height=\"768\" src=\"https:\/\/nanvalenti.com\/wp-content\/uploads\/2026\/02\/La-Maleta-Santa-MAria.jpg\" class=\"attachment-full size-full wp-image-2373\" alt=\"\" srcset=\"https:\/\/nanvalenti.com\/wp-content\/uploads\/2026\/02\/La-Maleta-Santa-MAria.jpg 1024w, https:\/\/nanvalenti.com\/wp-content\/uploads\/2026\/02\/La-Maleta-Santa-MAria-16x12.jpg 16w\" sizes=\"(max-width: 1024px) 100vw, 1024px\" \/>\t\t\t\t\t\t\t\t\t\t\t\t\t<\/div>\n\t\t\t\t<\/div>\n\t\t\t\t\t<\/div>\n\t\t<\/div>\n\t\t\t\t\t<\/div>\n\t\t<\/section>\n\t\t\t\t<section class=\"elementor-section elementor-top-section elementor-element elementor-element-a6fcd0e elementor-section-boxed elementor-section-height-default elementor-section-height-default\" data-id=\"a6fcd0e\" data-element_type=\"section\">\n\t\t\t\t\t\t<div class=\"elementor-container elementor-column-gap-default\">\n\t\t\t\t\t<div class=\"elementor-column elementor-col-100 elementor-top-column elementor-element elementor-element-4a5f506\" data-id=\"4a5f506\" data-element_type=\"column\">\n\t\t\t<div class=\"elementor-widget-wrap elementor-element-populated\">\n\t\t\t\t\t\t<div class=\"elementor-element elementor-element-e0c2941 elementor-widget elementor-widget-video\" data-id=\"e0c2941\" data-element_type=\"widget\" data-settings=\"{&quot;youtube_url&quot;:&quot;https:\\\/\\\/youtu.be\\\/HO6HLTXNuRo&quot;,&quot;video_type&quot;:&quot;youtube&quot;,&quot;controls&quot;:&quot;yes&quot;}\" data-widget_type=\"video.default\">\n\t\t\t\t<div class=\"elementor-widget-container\">\n\t\t\t\t\t<div class=\"elementor-wrapper elementor-open-inline\">\n\t\t\t<div class=\"elementor-video\"><\/div>\t\t<\/div>\n\t\t\t\t<\/div>\n\t\t\t\t<\/div>\n\t\t\t\t\t<\/div>\n\t\t<\/div>\n\t\t\t\t\t<\/div>\n\t\t<\/section>\n\t\t\t\t<section class=\"elementor-section elementor-top-section elementor-element elementor-element-f3af54c elementor-section-height-min-height elementor-section-boxed elementor-section-height-default elementor-section-items-middle\" data-id=\"f3af54c\" data-element_type=\"section\" data-settings=\"{&quot;background_background&quot;:&quot;classic&quot;,&quot;background_motion_fx_motion_fx_scrolling&quot;:&quot;yes&quot;,&quot;background_motion_fx_scale_effect&quot;:&quot;yes&quot;,&quot;background_motion_fx_scale_speed&quot;:{&quot;unit&quot;:&quot;px&quot;,&quot;size&quot;:5,&quot;sizes&quot;:[]},&quot;background_motion_fx_scale_direction&quot;:&quot;out-in&quot;,&quot;background_motion_fx_scale_range&quot;:{&quot;unit&quot;:&quot;%&quot;,&quot;size&quot;:&quot;&quot;,&quot;sizes&quot;:{&quot;start&quot;:20,&quot;end&quot;:80}},&quot;background_motion_fx_devices&quot;:[&quot;desktop&quot;,&quot;tablet&quot;,&quot;mobile&quot;]}\">\n\t\t\t\t\t\t\t<div class=\"elementor-background-overlay\"><\/div>\n\t\t\t\t\t\t\t<div class=\"elementor-container elementor-column-gap-default\">\n\t\t\t\t\t<div class=\"elementor-column elementor-col-50 elementor-top-column elementor-element elementor-element-c11d885\" data-id=\"c11d885\" data-element_type=\"column\">\n\t\t\t<div class=\"elementor-widget-wrap elementor-element-populated\">\n\t\t\t\t\t\t<section class=\"elementor-section elementor-inner-section elementor-element elementor-element-8bdb7d7 elementor-section-boxed elementor-section-height-default elementor-section-height-default\" data-id=\"8bdb7d7\" data-element_type=\"section\">\n\t\t\t\t\t\t<div class=\"elementor-container elementor-column-gap-default\">\n\t\t\t\t\t<div class=\"elementor-column elementor-col-100 elementor-inner-column elementor-element elementor-element-23831cd\" data-id=\"23831cd\" data-element_type=\"column\">\n\t\t\t<div class=\"elementor-widget-wrap elementor-element-populated\">\n\t\t\t\t\t\t<div class=\"elementor-element elementor-element-38f5126 elementor-align-left elementor-widget elementor-widget-button\" data-id=\"38f5126\" data-element_type=\"widget\" data-widget_type=\"button.default\">\n\t\t\t\t<div class=\"elementor-widget-container\">\n\t\t\t\t\t<div class=\"elementor-button-wrapper\">\n\t\t\t<a class=\"elementor-button elementor-button-link elementor-size-md elementor-animation-bob\" href=\"https:\/\/nanvalenti.com\/es\/contacto\/\">\n\t\t\t\t\t\t<span class=\"elementor-button-content-wrapper\">\n\t\t\t\t\t\t\t\t\t<span class=\"elementor-button-text\">Contacta<\/span>\n\t\t\t\t\t<\/span>\n\t\t\t\t\t<\/a>\n\t\t<\/div>\n\t\t\t\t<\/div>\n\t\t\t\t<\/div>\n\t\t\t\t\t<\/div>\n\t\t<\/div>\n\t\t\t\t\t<\/div>\n\t\t<\/section>\n\t\t\t\t\t<\/div>\n\t\t<\/div>\n\t\t\t\t<div class=\"elementor-column elementor-col-50 elementor-top-column elementor-element elementor-element-93d4ad0 elementor-hidden-phone\" data-id=\"93d4ad0\" data-element_type=\"column\">\n\t\t\t<div class=\"elementor-widget-wrap\">\n\t\t\t\t\t\t\t<\/div>\n\t\t<\/div>\n\t\t\t\t\t<\/div>\n\t\t<\/section>\n\t\t\t\t<\/div>","protected":false},"excerpt":{"rendered":"<p>LA MALETA sinopsis LA MALETA de la N\u00faria Parera Ciur\u00f3 Una producci\u00f3 del Teatre Nu Actor: Joan Valent\u00ed \u201cNan\u201d Escenografia: Tere del Junco Direcci\u00f3: V\u00edctor Borr\u00e0s Una maleta que passa [&hellip;]<\/p>","protected":false},"author":1,"featured_media":0,"parent":0,"menu_order":0,"comment_status":"closed","ping_status":"closed","template":"elementor_header_footer","meta":{"footnotes":""},"class_list":["post-2367","page","type-page","status-publish","hentry"],"_links":{"self":[{"href":"https:\/\/nanvalenti.com\/es\/wp-json\/wp\/v2\/pages\/2367"}],"collection":[{"href":"https:\/\/nanvalenti.com\/es\/wp-json\/wp\/v2\/pages"}],"about":[{"href":"https:\/\/nanvalenti.com\/es\/wp-json\/wp\/v2\/types\/page"}],"author":[{"embeddable":true,"href":"https:\/\/nanvalenti.com\/es\/wp-json\/wp\/v2\/users\/1"}],"replies":[{"embeddable":true,"href":"https:\/\/nanvalenti.com\/es\/wp-json\/wp\/v2\/comments?post=2367"}],"version-history":[{"count":7,"href":"https:\/\/nanvalenti.com\/es\/wp-json\/wp\/v2\/pages\/2367\/revisions"}],"predecessor-version":[{"id":2394,"href":"https:\/\/nanvalenti.com\/es\/wp-json\/wp\/v2\/pages\/2367\/revisions\/2394"}],"wp:attachment":[{"href":"https:\/\/nanvalenti.com\/es\/wp-json\/wp\/v2\/media?parent=2367"}],"curies":[{"name":"wp","href":"https:\/\/api.w.org\/{rel}","templated":true}]}}