{"id":1808,"date":"2024-08-12T10:19:21","date_gmt":"2024-08-12T10:19:21","guid":{"rendered":"http:\/\/nanvalenti.com\/?page_id=1808"},"modified":"2026-05-11T10:27:50","modified_gmt":"2026-05-11T10:27:50","slug":"produccio-mes-que-un-club-el-feixisme-contra-el-barca","status":"publish","type":"page","link":"https:\/\/nanvalenti.com\/es\/produccio-mes-que-un-club-el-feixisme-contra-el-barca\/","title":{"rendered":"M\u00e1s que un club, el fascismo contra el Bar\u00e7a"},"content":{"rendered":"<div data-elementor-type=\"wp-page\" data-elementor-id=\"1808\" class=\"elementor elementor-1808\">\n\t\t\t\t\t\t<section class=\"elementor-section elementor-top-section elementor-element elementor-element-f3455c4 elementor-section-height-min-height elementor-section-boxed elementor-section-height-default elementor-section-items-middle\" data-id=\"f3455c4\" data-element_type=\"section\" data-settings=\"{&quot;background_background&quot;:&quot;classic&quot;}\">\n\t\t\t\t\t\t\t<div class=\"elementor-background-overlay\"><\/div>\n\t\t\t\t\t\t\t<div class=\"elementor-container elementor-column-gap-default\">\n\t\t\t\t\t<div class=\"elementor-column elementor-col-100 elementor-top-column elementor-element elementor-element-4e436ac\" data-id=\"4e436ac\" data-element_type=\"column\">\n\t\t\t<div class=\"elementor-widget-wrap elementor-element-populated\">\n\t\t\t\t\t\t<div class=\"elementor-element elementor-element-996efc4 elementor-widget elementor-widget-heading\" data-id=\"996efc4\" data-element_type=\"widget\" data-widget_type=\"heading.default\">\n\t\t\t\t<div class=\"elementor-widget-container\">\n\t\t\t<h2 class=\"elementor-heading-title elementor-size-default\">M\u00e1s que un club, el fascismo contra el Bar\u00e7a<\/h2>\t\t<\/div>\n\t\t\t\t<\/div>\n\t\t\t\t<div class=\"elementor-element elementor-element-c5c491f elementor-widget elementor-widget-text-editor\" data-id=\"c5c491f\" data-element_type=\"widget\" data-widget_type=\"text-editor.default\">\n\t\t\t\t<div class=\"elementor-widget-container\">\n\t\t\t\t\t\t\t<p><b>Espect\u00e1culo con subvenci\u00f3n del<\/b><\/p>\t\t\t\t\t\t<\/div>\n\t\t\t\t<\/div>\n\t\t\t\t<div class=\"elementor-element elementor-element-d84b6ed elementor-widget elementor-widget-image\" data-id=\"d84b6ed\" data-element_type=\"widget\" data-widget_type=\"image.default\">\n\t\t\t\t<div class=\"elementor-widget-container\">\n\t\t\t\t\t\t\t\t\t\t\t\t\t<img fetchpriority=\"high\" decoding=\"async\" width=\"800\" height=\"335\" src=\"https:\/\/nanvalenti.com\/wp-content\/uploads\/2024\/12\/unnamed.jpg\" class=\"attachment-large size-large wp-image-2112\" alt=\"\" \/>\t\t\t\t\t\t\t\t\t\t\t\t\t<\/div>\n\t\t\t\t<\/div>\n\t\t\t\t\t<\/div>\n\t\t<\/div>\n\t\t\t\t\t<\/div>\n\t\t<\/section>\n\t\t\t\t<section class=\"elementor-section elementor-top-section elementor-element elementor-element-60cfe16 elementor-section-boxed elementor-section-height-default elementor-section-height-default\" data-id=\"60cfe16\" data-element_type=\"section\">\n\t\t\t\t\t\t<div class=\"elementor-container elementor-column-gap-wider\">\n\t\t\t\t\t<div class=\"elementor-column elementor-col-50 elementor-top-column elementor-element elementor-element-ed87ee2\" data-id=\"ed87ee2\" data-element_type=\"column\">\n\t\t\t<div class=\"elementor-widget-wrap elementor-element-populated\">\n\t\t\t\t\t\t<section class=\"elementor-section elementor-inner-section elementor-element elementor-element-68ebe3a elementor-section-boxed elementor-section-height-default elementor-section-height-default\" data-id=\"68ebe3a\" data-element_type=\"section\">\n\t\t\t\t\t\t<div class=\"elementor-container elementor-column-gap-default\">\n\t\t\t\t\t<div class=\"elementor-column elementor-col-100 elementor-inner-column elementor-element elementor-element-83eb817\" data-id=\"83eb817\" data-element_type=\"column\">\n\t\t\t<div class=\"elementor-widget-wrap elementor-element-populated\">\n\t\t\t\t\t\t<div class=\"elementor-element elementor-element-36ccd5b elementor-widget__width-auto elementor-widget elementor-widget-heading\" data-id=\"36ccd5b\" data-element_type=\"widget\" data-widget_type=\"heading.default\">\n\t\t\t\t<div class=\"elementor-widget-container\">\n\t\t\t<h1 class=\"elementor-heading-title elementor-size-default\">sinopsis<\/h1>\t\t<\/div>\n\t\t\t\t<\/div>\n\t\t\t\t<div class=\"elementor-element elementor-element-6e66d81 elementor-widget elementor-widget-text-editor\" data-id=\"6e66d81\" data-element_type=\"widget\" data-widget_type=\"text-editor.default\">\n\t\t\t\t<div class=\"elementor-widget-container\">\n\t\t\t\t\t\t\t<p>Un homenaje a los Presidentes: Gamper, Sunyol y Casals. Y en el primer crack: \u00a1Samitier! Un espect\u00e1culo pensado para agradar tambi\u00e9n a quien no les gusta el f\u00fatbol.<\/p><p>&quot;Con el Bar\u00e7a, se entiende la historia de Catalu\u00f1a&quot; Enric Calpena.<\/p><p>El 29 de noviembre de 2024 el club cumple 125 a\u00f1os!!!<\/p>\t\t\t\t\t\t<\/div>\n\t\t\t\t<\/div>\n\t\t\t\t<div class=\"elementor-element elementor-element-d239c3b elementor-widget__width-auto elementor-widget elementor-widget-heading\" data-id=\"d239c3b\" data-element_type=\"widget\" data-widget_type=\"heading.default\">\n\t\t\t\t<div class=\"elementor-widget-container\">\n\t\t\t<h1 class=\"elementor-heading-title elementor-size-default\">duraci\u00f3n: 55 minutos<\/h1>\t\t<\/div>\n\t\t\t\t<\/div>\n\t\t\t\t<div class=\"elementor-element elementor-element-9a646cb elementor-align-center elementor-widget elementor-widget-button\" data-id=\"9a646cb\" data-element_type=\"widget\" data-widget_type=\"button.default\">\n\t\t\t\t<div class=\"elementor-widget-container\">\n\t\t\t\t\t<div class=\"elementor-button-wrapper\">\n\t\t\t<a class=\"elementor-button elementor-button-link elementor-size-lg\" href=\"https:\/\/nanvalenti.com\/wp-content\/uploads\/2024\/08\/Dossier_Mesqueunclub.pdf\" target=\"_blank\">\n\t\t\t\t\t\t<span class=\"elementor-button-content-wrapper\">\n\t\t\t\t\t\t\t\t\t<span class=\"elementor-button-text\">Descarga dossier<\/span>\n\t\t\t\t\t<\/span>\n\t\t\t\t\t<\/a>\n\t\t<\/div>\n\t\t\t\t<\/div>\n\t\t\t\t<\/div>\n\t\t\t\t\t<\/div>\n\t\t<\/div>\n\t\t\t\t\t<\/div>\n\t\t<\/section>\n\t\t\t\t\t<\/div>\n\t\t<\/div>\n\t\t\t\t<div class=\"elementor-column elementor-col-50 elementor-top-column elementor-element elementor-element-9d94234\" data-id=\"9d94234\" data-element_type=\"column\">\n\t\t\t<div class=\"elementor-widget-wrap elementor-element-populated\">\n\t\t\t\t\t\t<div class=\"elementor-element elementor-element-a8e65d4 elementor-widget elementor-widget-image\" data-id=\"a8e65d4\" data-element_type=\"widget\" data-widget_type=\"image.default\">\n\t\t\t\t<div class=\"elementor-widget-container\">\n\t\t\t\t\t\t\t\t\t\t\t\t\t<img decoding=\"async\" width=\"1707\" height=\"2560\" src=\"https:\/\/nanvalenti.com\/wp-content\/uploads\/2024\/08\/MesqueunClub_1-scaled.jpg\" class=\"attachment-full size-full wp-image-1980\" alt=\"\" srcset=\"https:\/\/nanvalenti.com\/wp-content\/uploads\/2024\/08\/MesqueunClub_1-scaled.jpg 1707w, https:\/\/nanvalenti.com\/wp-content\/uploads\/2024\/08\/MesqueunClub_1-1024x1536.jpg 1024w, https:\/\/nanvalenti.com\/wp-content\/uploads\/2024\/08\/MesqueunClub_1-1366x2048.jpg 1366w\" sizes=\"(max-width: 1707px) 100vw, 1707px\" \/>\t\t\t\t\t\t\t\t\t\t\t\t\t<\/div>\n\t\t\t\t<\/div>\n\t\t\t\t\t<\/div>\n\t\t<\/div>\n\t\t\t\t\t<\/div>\n\t\t<\/section>\n\t\t\t\t<section class=\"elementor-section elementor-top-section elementor-element elementor-element-17a31a4 elementor-section-boxed elementor-section-height-default elementor-section-height-default\" data-id=\"17a31a4\" data-element_type=\"section\">\n\t\t\t\t\t\t<div class=\"elementor-container elementor-column-gap-default\">\n\t\t\t\t\t<div class=\"elementor-column elementor-col-100 elementor-top-column elementor-element elementor-element-cae51bd\" data-id=\"cae51bd\" data-element_type=\"column\">\n\t\t\t<div class=\"elementor-widget-wrap elementor-element-populated\">\n\t\t\t\t\t\t<div class=\"elementor-element elementor-element-a43650f elementor-widget elementor-widget-video\" data-id=\"a43650f\" data-element_type=\"widget\" data-settings=\"{&quot;youtube_url&quot;:&quot;https:\\\/\\\/www.youtube.com\\\/watch?v=Jo70oIuigEo&quot;,&quot;video_type&quot;:&quot;youtube&quot;,&quot;controls&quot;:&quot;yes&quot;}\" data-widget_type=\"video.default\">\n\t\t\t\t<div class=\"elementor-widget-container\">\n\t\t\t\t\t<div class=\"elementor-wrapper elementor-open-inline\">\n\t\t\t<div class=\"elementor-video\"><\/div>\t\t<\/div>\n\t\t\t\t<\/div>\n\t\t\t\t<\/div>\n\t\t\t\t\t<\/div>\n\t\t<\/div>\n\t\t\t\t\t<\/div>\n\t\t<\/section>\n\t\t\t\t<section class=\"elementor-section elementor-top-section elementor-element elementor-element-4e44b2c elementor-section-boxed elementor-section-height-default elementor-section-height-default\" data-id=\"4e44b2c\" data-element_type=\"section\">\n\t\t\t\t\t\t<div class=\"elementor-container elementor-column-gap-default\">\n\t\t\t\t\t<div class=\"elementor-column elementor-col-100 elementor-top-column elementor-element elementor-element-404990a\" data-id=\"404990a\" data-element_type=\"column\">\n\t\t\t<div class=\"elementor-widget-wrap elementor-element-populated\">\n\t\t\t\t\t\t<div class=\"elementor-element elementor-element-7993152 elementor-widget elementor-widget-gallery\" data-id=\"7993152\" data-element_type=\"widget\" data-settings=\"{&quot;gallery_layout&quot;:&quot;masonry&quot;,&quot;columns&quot;:2,&quot;lazyload&quot;:&quot;yes&quot;,&quot;columns_tablet&quot;:2,&quot;columns_mobile&quot;:1,&quot;gap&quot;:{&quot;unit&quot;:&quot;px&quot;,&quot;size&quot;:10,&quot;sizes&quot;:[]},&quot;gap_tablet&quot;:{&quot;unit&quot;:&quot;px&quot;,&quot;size&quot;:10,&quot;sizes&quot;:[]},&quot;gap_mobile&quot;:{&quot;unit&quot;:&quot;px&quot;,&quot;size&quot;:10,&quot;sizes&quot;:[]},&quot;link_to&quot;:&quot;file&quot;,&quot;overlay_background&quot;:&quot;yes&quot;,&quot;content_hover_animation&quot;:&quot;fade-in&quot;}\" data-widget_type=\"gallery.default\">\n\t\t\t\t<div class=\"elementor-widget-container\">\n\t\t\t\t\t<div class=\"elementor-gallery__container\">\n\t\t\t\t\t\t\t<a class=\"e-gallery-item elementor-gallery-item elementor-animated-content\" href=\"https:\/\/nanvalenti.com\/wp-content\/uploads\/2024\/08\/foto_Barcelonista-1-scaled.jpg\" data-elementor-open-lightbox=\"yes\" data-elementor-lightbox-slideshow=\"all-7993152\" data-elementor-lightbox-title=\"foto_Barcelonista (1)\" data-e-action-hash=\"#elementor-action%3Aaction%3Dlightbox%26settings%3DeyJpZCI6MTk4MywidXJsIjoiaHR0cHM6XC9cL25hbnZhbGVudGkuY29tXC93cC1jb250ZW50XC91cGxvYWRzXC8yMDI0XC8wOFwvZm90b19CYXJjZWxvbmlzdGEtMS1zY2FsZWQuanBnIiwic2xpZGVzaG93IjoiYWxsLTc5OTMxNTIifQ%3D%3D\">\n\t\t\t\t\t<div class=\"e-gallery-image elementor-gallery-item__image\" data-thumbnail=\"https:\/\/nanvalenti.com\/wp-content\/uploads\/2024\/08\/foto_Barcelonista-1-scaled.jpg\" data-width=\"1707\" data-height=\"2560\" alt=\"\" ><\/div>\n\t\t\t\t\t\t\t\t\t\t\t<div class=\"elementor-gallery-item__overlay\"><\/div>\n\t\t\t\t\t\t\t\t\t\t\t\t\t\t<\/a>\n\t\t\t\t\t\t\t<a class=\"e-gallery-item elementor-gallery-item elementor-animated-content\" href=\"https:\/\/nanvalenti.com\/wp-content\/uploads\/2024\/08\/foto_1996.jpg\" data-elementor-open-lightbox=\"yes\" data-elementor-lightbox-slideshow=\"all-7993152\" data-elementor-lightbox-title=\"\u00a9Joan Horrit Viladomat\" data-e-action-hash=\"#elementor-action%3Aaction%3Dlightbox%26settings%3DeyJpZCI6MTk4MSwidXJsIjoiaHR0cHM6XC9cL25hbnZhbGVudGkuY29tXC93cC1jb250ZW50XC91cGxvYWRzXC8yMDI0XC8wOFwvZm90b18xOTk2LmpwZyIsInNsaWRlc2hvdyI6ImFsbC03OTkzMTUyIn0%3D\">\n\t\t\t\t\t<div class=\"e-gallery-image elementor-gallery-item__image\" data-thumbnail=\"https:\/\/nanvalenti.com\/wp-content\/uploads\/2024\/08\/foto_1996.jpg\" data-width=\"591\" data-height=\"886\" alt=\"\" ><\/div>\n\t\t\t\t\t\t\t\t\t\t\t<div class=\"elementor-gallery-item__overlay\"><\/div>\n\t\t\t\t\t\t\t\t\t\t\t\t\t\t<\/a>\n\t\t\t\t\t\t\t<a class=\"e-gallery-item elementor-gallery-item elementor-animated-content\" href=\"https:\/\/nanvalenti.com\/wp-content\/uploads\/2024\/08\/foto_1939-scaled.jpg\" data-elementor-open-lightbox=\"yes\" data-elementor-lightbox-slideshow=\"all-7993152\" data-e-action-hash=\"#elementor-action%3Aaction%3Dlightbox%26settings%3DeyJpZCI6MTk4MiwidXJsIjoiaHR0cHM6XC9cL25hbnZhbGVudGkuY29tXC93cC1jb250ZW50XC91cGxvYWRzXC8yMDI0XC8wOFwvZm90b18xOTM5LXNjYWxlZC5qcGciLCJzbGlkZXNob3ciOiJhbGwtNzk5MzE1MiJ9\">\n\t\t\t\t\t<div class=\"e-gallery-image elementor-gallery-item__image\" data-thumbnail=\"https:\/\/nanvalenti.com\/wp-content\/uploads\/2024\/08\/foto_1939-scaled.jpg\" data-width=\"2560\" data-height=\"1707\" alt=\"\" ><\/div>\n\t\t\t\t\t\t\t\t\t\t\t<div class=\"elementor-gallery-item__overlay\"><\/div>\n\t\t\t\t\t\t\t\t\t\t\t\t\t\t<\/a>\n\t\t\t\t\t<\/div>\n\t\t\t<\/div>\n\t\t\t\t<\/div>\n\t\t\t\t\t<\/div>\n\t\t<\/div>\n\t\t\t\t\t<\/div>\n\t\t<\/section>\n\t\t\t\t<section class=\"elementor-section elementor-top-section elementor-element elementor-element-b0e7485 elementor-section-boxed elementor-section-height-default elementor-section-height-default\" data-id=\"b0e7485\" data-element_type=\"section\">\n\t\t\t\t\t\t<div class=\"elementor-container elementor-column-gap-default\">\n\t\t\t\t\t<div class=\"elementor-column elementor-col-100 elementor-top-column elementor-element elementor-element-ce19d82\" data-id=\"ce19d82\" data-element_type=\"column\">\n\t\t\t<div class=\"elementor-widget-wrap elementor-element-populated\">\n\t\t\t\t\t\t<div class=\"elementor-element elementor-element-9de72d0 elementor-widget elementor-widget-image\" data-id=\"9de72d0\" data-element_type=\"widget\" data-widget_type=\"image.default\">\n\t\t\t\t<div class=\"elementor-widget-container\">\n\t\t\t\t\t\t\t\t\t\t\t\t\t<img decoding=\"async\" width=\"1136\" height=\"146\" src=\"https:\/\/nanvalenti.com\/wp-content\/uploads\/2026\/05\/Captura-de-pantalla-2026-05-11-a-las-11.17.56.png\" class=\"attachment-full size-full wp-image-2422\" alt=\"\" srcset=\"https:\/\/nanvalenti.com\/wp-content\/uploads\/2026\/05\/Captura-de-pantalla-2026-05-11-a-las-11.17.56.png 1136w, https:\/\/nanvalenti.com\/wp-content\/uploads\/2026\/05\/Captura-de-pantalla-2026-05-11-a-las-11.17.56-18x2.png 18w\" sizes=\"(max-width: 1136px) 100vw, 1136px\" \/>\t\t\t\t\t\t\t\t\t\t\t\t\t<\/div>\n\t\t\t\t<\/div>\n\t\t\t\t\t<\/div>\n\t\t<\/div>\n\t\t\t\t\t<\/div>\n\t\t<\/section>\n\t\t\t\t<section class=\"elementor-section elementor-top-section elementor-element elementor-element-f3af54c elementor-section-height-min-height elementor-section-boxed elementor-section-height-default elementor-section-items-middle\" data-id=\"f3af54c\" data-element_type=\"section\" data-settings=\"{&quot;background_background&quot;:&quot;classic&quot;,&quot;background_motion_fx_motion_fx_scrolling&quot;:&quot;yes&quot;,&quot;background_motion_fx_scale_effect&quot;:&quot;yes&quot;,&quot;background_motion_fx_scale_speed&quot;:{&quot;unit&quot;:&quot;px&quot;,&quot;size&quot;:5,&quot;sizes&quot;:[]},&quot;background_motion_fx_scale_direction&quot;:&quot;out-in&quot;,&quot;background_motion_fx_scale_range&quot;:{&quot;unit&quot;:&quot;%&quot;,&quot;size&quot;:&quot;&quot;,&quot;sizes&quot;:{&quot;start&quot;:20,&quot;end&quot;:80}},&quot;background_motion_fx_devices&quot;:[&quot;desktop&quot;,&quot;tablet&quot;,&quot;mobile&quot;]}\">\n\t\t\t\t\t\t\t<div class=\"elementor-background-overlay\"><\/div>\n\t\t\t\t\t\t\t<div class=\"elementor-container elementor-column-gap-default\">\n\t\t\t\t\t<div class=\"elementor-column elementor-col-50 elementor-top-column elementor-element elementor-element-c11d885\" data-id=\"c11d885\" data-element_type=\"column\">\n\t\t\t<div class=\"elementor-widget-wrap elementor-element-populated\">\n\t\t\t\t\t\t<section class=\"elementor-section elementor-inner-section elementor-element elementor-element-8bdb7d7 elementor-section-boxed elementor-section-height-default elementor-section-height-default\" data-id=\"8bdb7d7\" data-element_type=\"section\">\n\t\t\t\t\t\t<div class=\"elementor-container elementor-column-gap-default\">\n\t\t\t\t\t<div class=\"elementor-column elementor-col-100 elementor-inner-column elementor-element elementor-element-23831cd\" data-id=\"23831cd\" data-element_type=\"column\">\n\t\t\t<div class=\"elementor-widget-wrap elementor-element-populated\">\n\t\t\t\t\t\t<div class=\"elementor-element elementor-element-38f5126 elementor-align-left elementor-widget elementor-widget-button\" data-id=\"38f5126\" data-element_type=\"widget\" data-widget_type=\"button.default\">\n\t\t\t\t<div class=\"elementor-widget-container\">\n\t\t\t\t\t<div class=\"elementor-button-wrapper\">\n\t\t\t<a class=\"elementor-button elementor-button-link elementor-size-md elementor-animation-bob\" href=\"https:\/\/nanvalenti.com\/es\/contacto\/\">\n\t\t\t\t\t\t<span class=\"elementor-button-content-wrapper\">\n\t\t\t\t\t\t\t\t\t<span class=\"elementor-button-text\">Contacta<\/span>\n\t\t\t\t\t<\/span>\n\t\t\t\t\t<\/a>\n\t\t<\/div>\n\t\t\t\t<\/div>\n\t\t\t\t<\/div>\n\t\t\t\t\t<\/div>\n\t\t<\/div>\n\t\t\t\t\t<\/div>\n\t\t<\/section>\n\t\t\t\t\t<\/div>\n\t\t<\/div>\n\t\t\t\t<div class=\"elementor-column elementor-col-50 elementor-top-column elementor-element elementor-element-93d4ad0 elementor-hidden-phone\" data-id=\"93d4ad0\" data-element_type=\"column\">\n\t\t\t<div class=\"elementor-widget-wrap\">\n\t\t\t\t\t\t\t<\/div>\n\t\t<\/div>\n\t\t\t\t\t<\/div>\n\t\t<\/section>\n\t\t\t\t<\/div>","protected":false},"excerpt":{"rendered":"<p>M\u00e1s que un club, el fascismo contra el Bar\u00e7a Espect\u00e1culo con subvenci\u00f3n del sinopsis Un homenaje a los Presidentes: Gamper, Sunyol y Casals. Y en el primer crack: \u00a1Samitier! Un espect\u00e1culo pensado [\u2026]<\/p>","protected":false},"author":1,"featured_media":0,"parent":0,"menu_order":0,"comment_status":"closed","ping_status":"closed","template":"elementor_header_footer","meta":{"footnotes":""},"class_list":["post-1808","page","type-page","status-publish","hentry"],"_links":{"self":[{"href":"https:\/\/nanvalenti.com\/es\/wp-json\/wp\/v2\/pages\/1808"}],"collection":[{"href":"https:\/\/nanvalenti.com\/es\/wp-json\/wp\/v2\/pages"}],"about":[{"href":"https:\/\/nanvalenti.com\/es\/wp-json\/wp\/v2\/types\/page"}],"author":[{"embeddable":true,"href":"https:\/\/nanvalenti.com\/es\/wp-json\/wp\/v2\/users\/1"}],"replies":[{"embeddable":true,"href":"https:\/\/nanvalenti.com\/es\/wp-json\/wp\/v2\/comments?post=1808"}],"version-history":[{"count":23,"href":"https:\/\/nanvalenti.com\/es\/wp-json\/wp\/v2\/pages\/1808\/revisions"}],"predecessor-version":[{"id":2450,"href":"https:\/\/nanvalenti.com\/es\/wp-json\/wp\/v2\/pages\/1808\/revisions\/2450"}],"wp:attachment":[{"href":"https:\/\/nanvalenti.com\/es\/wp-json\/wp\/v2\/media?parent=1808"}],"curies":[{"name":"wp","href":"https:\/\/api.w.org\/{rel}","templated":true}]}}